{"id":890,"date":"2025-11-21T11:56:17","date_gmt":"2025-11-21T09:56:17","guid":{"rendered":"https:\/\/hangoutlounge.ee\/?post_type=product&#038;p=890"},"modified":"2025-11-21T11:56:17","modified_gmt":"2025-11-21T09:56:17","slug":"pokkeri-diiler-piljardi-juhendaja","status":"publish","type":"product","link":"https:\/\/hangoutlounge.ee\/et\/toode\/pokkeri-diiler-piljardi-juhendaja\/","title":{"rendered":"Pokkeri diiler\/ Piljardi juhendaja"},"content":{"rendered":"<p>Tee oma kogemus veelgi m\u00f5nusamaks ja kutsu oma pokkeri turniirile diiler, v\u00f5i \u00f5pi piljardi m\u00e4ngimist.<\/p>\n<p>S\u00f5pradega pokkerit nautides on v\u00e4ga t\u00fc\u00fctu koguaeg ise kaarte teha, selle jaoks on meil lahendus olemas. Kutsu oma \u00fcritusele kohale diiler, kes selle t\u00f6\u00f6 Teie eest \u00e4ra teeb, ning vajadusel seletab m\u00e4ngu reegleid.<\/p>\n<p>Oled kaaslasega kahekesi v\u00f5i suurema seltskonnaga piljardit m\u00e4ngimas, kuid ei tea t\u00e4pselt mida teha, v\u00f5i tahaksid veidi parem olla? Selleks juhuks planeeri endale piljardi m\u00e4ngu koolitaja, kes k\u00f5ik vajaliku h\u00f5lbsasti selgeks teeb.<\/p>\n<p>Selleks, et saaksime Teile pakkuda parimat l\u00f5\u00f5gastuskogemust pakkuda, v\u00f5tke meiega \u00fchendust.<\/p>\n","protected":false},"excerpt":{"rendered":"<p>V\u00f5ta meiega \u00fchendust.<\/p>\n","protected":false},"featured_media":895,"template":"","meta":{"om_disable_all_campaigns":false,"_uag_custom_page_level_css":"","_monsterinsights_skip_tracking":false,"_monsterinsights_sitenote_active":false,"_monsterinsights_sitenote_note":"","_monsterinsights_sitenote_category":0,"site-sidebar-layout":"default","site-content-layout":"","ast-site-content-layout":"default","site-content-style":"default","site-sidebar-style":"default","ast-global-header-display":"","ast-banner-title-visibility":"","ast-main-header-display":"","ast-hfb-above-header-display":"","ast-hfb-below-header-display":"","ast-hfb-mobile-header-display":"","site-post-title":"","ast-breadcrumbs-content":"","ast-featured-img":"","footer-sml-layout":"","ast-disable-related-posts":"","theme-transparent-header-meta":"default","adv-header-id-meta":"","stick-header-meta":"","header-above-stick-meta":"","header-main-stick-meta":"","header-below-stick-meta":"","astra-migrate-meta-layouts":"set","ast-page-background-enabled":"default","ast-page-background-meta":{"desktop":{"background-color":"var(--ast-global-color-4)","background-image":"","background-repeat":"repeat","background-position":"center center","background-size":"auto","background-attachment":"scroll","background-type":"","background-media":"","overlay-type":"","overlay-color":"","overlay-opacity":"","overlay-gradient":""},"tablet":{"background-color":"","background-image":"","background-repeat":"repeat","background-position":"center center","background-size":"auto","background-attachment":"scroll","background-type":"","background-media":"","overlay-type":"","overlay-color":"","overlay-opacity":"","overlay-gradient":""},"mobile":{"background-color":"","background-image":"","background-repeat":"repeat","background-position":"center center","background-size":"auto","background-attachment":"scroll","background-type":"","background-media":"","overlay-type":"","overlay-color":"","overlay-opacity":"","overlay-gradient":""}},"ast-content-background-meta":{"desktop":{"background-color":"var(--ast-global-color-5)","background-image":"","background-repeat":"repeat","background-position":"center center","background-size":"auto","background-attachment":"scroll","background-type":"","background-media":"","overlay-type":"","overlay-color":"","overlay-opacity":"","overlay-gradient":""},"tablet":{"background-color":"var(--ast-global-color-5)","background-image":"","background-repeat":"repeat","background-position":"center center","background-size":"auto","background-attachment":"scroll","background-type":"","background-media":"","overlay-type":"","overlay-color":"","overlay-opacity":"","overlay-gradient":""},"mobile":{"background-color":"var(--ast-global-color-5)","background-image":"","background-repeat":"repeat","background-position":"center center","background-size":"auto","background-attachment":"scroll","background-type":"","background-media":"","overlay-type":"","overlay-color":"","overlay-opacity":"","overlay-gradient":""}}},"product_brand":[],"product_cat":[31],"product_tag":[],"class_list":{"0":"post-890","1":"product","2":"type-product","3":"status-publish","4":"has-post-thumbnail","6":"product_cat-hangout-paketid","7":"desktop-align-center","8":"tablet-align-left","9":"mobile-align-left","11":"first","12":"instock","13":"taxable","14":"shipping-taxable","15":"product-type-external"},"aioseo_notices":[],"uagb_featured_image_src":{"full":["https:\/\/hangoutlounge.ee\/wp-content\/uploads\/2025\/11\/pokkerpiljard.jpg",1408,768,false],"thumbnail":["https:\/\/hangoutlounge.ee\/wp-content\/uploads\/2025\/11\/pokkerpiljard-150x150.jpg",150,150,true],"medium":["https:\/\/hangoutlounge.ee\/wp-content\/uploads\/2025\/11\/pokkerpiljard-300x164.jpg",300,164,true],"medium_large":["https:\/\/hangoutlounge.ee\/wp-content\/uploads\/2025\/11\/pokkerpiljard-768x419.jpg",768,419,true],"large":["https:\/\/hangoutlounge.ee\/wp-content\/uploads\/2025\/11\/pokkerpiljard-1024x559.jpg",1024,559,true],"1536x1536":["https:\/\/hangoutlounge.ee\/wp-content\/uploads\/2025\/11\/pokkerpiljard.jpg",1408,768,false],"2048x2048":["https:\/\/hangoutlounge.ee\/wp-content\/uploads\/2025\/11\/pokkerpiljard.jpg",1408,768,false],"trp-custom-language-flag":["https:\/\/hangoutlounge.ee\/wp-content\/uploads\/2025\/11\/pokkerpiljard-18x10.jpg",18,10,true],"woocommerce_thumbnail":["https:\/\/hangoutlounge.ee\/wp-content\/uploads\/2025\/11\/pokkerpiljard-300x300.jpg",300,300,true],"woocommerce_single":["https:\/\/hangoutlounge.ee\/wp-content\/uploads\/2025\/11\/pokkerpiljard-600x327.jpg",600,327,true],"woocommerce_gallery_thumbnail":["https:\/\/hangoutlounge.ee\/wp-content\/uploads\/2025\/11\/pokkerpiljard-100x100.jpg",100,100,true]},"uagb_author_info":{"display_name":"admin","author_link":"https:\/\/hangoutlounge.ee\/et\/author\/"},"uagb_comment_info":0,"uagb_excerpt":"V\u00f5ta meiega \u00fchendust.","_links":{"self":[{"href":"https:\/\/hangoutlounge.ee\/et\/wp-json\/wp\/v2\/product\/890","targetHints":{"allow":["GET"]}}],"collection":[{"href":"https:\/\/hangoutlounge.ee\/et\/wp-json\/wp\/v2\/product"}],"about":[{"href":"https:\/\/hangoutlounge.ee\/et\/wp-json\/wp\/v2\/types\/product"}],"wp:featuredmedia":[{"embeddable":true,"href":"https:\/\/hangoutlounge.ee\/et\/wp-json\/wp\/v2\/media\/895"}],"wp:attachment":[{"href":"https:\/\/hangoutlounge.ee\/et\/wp-json\/wp\/v2\/media?parent=890"}],"wp:term":[{"taxonomy":"product_brand","embeddable":true,"href":"https:\/\/hangoutlounge.ee\/et\/wp-json\/wp\/v2\/product_brand?post=890"},{"taxonomy":"product_cat","embeddable":true,"href":"https:\/\/hangoutlounge.ee\/et\/wp-json\/wp\/v2\/product_cat?post=890"},{"taxonomy":"product_tag","embeddable":true,"href":"https:\/\/hangoutlounge.ee\/et\/wp-json\/wp\/v2\/product_tag?post=890"}],"curies":[{"name":"wp","href":"https:\/\/api.w.org\/{rel}","templated":true}]}}