{"id":129,"date":"2025-11-03T10:28:09","date_gmt":"2025-11-03T10:28:09","guid":{"rendered":"https:\/\/hangoutlounge.ee\/?post_type=product&#038;p=129"},"modified":"2025-11-14T13:14:41","modified_gmt":"2025-11-14T11:14:41","slug":"nadalavahetuse-peopakett-r-l","status":"publish","type":"product","link":"https:\/\/hangoutlounge.ee\/et\/toode\/nadalavahetuse-peopakett-r-l\/","title":{"rendered":"Hangout Experience (R-L)"},"content":{"rendered":"<div dir=\"ltr\"><b>Planeeri oma ideaalne n\u00e4dalavahetus Hangout Lounges!<\/b><\/div>\n<div dir=\"ltr\"><b>Broneeri 6-tunnine elamus kas p\u00e4evasel v\u00f5i \u00f5htusel ajal ning naudi aega s\u00f5prade seltsis, l\u00f5\u00f5gastu ja veeda oma aeg t\u00e4pselt nii, nagu soovid, nautides\u00a0<\/b><b>Lounge\u2019i\u00a0<\/b><b>pakutavat meelelahutust ja mugavusi!<\/b><\/div>\n<div dir=\"ltr\"><\/div>\n<div dir=\"ltr\">\n<div dir=\"ltr\"><b>Hangout Experience\u00a0<\/b><b>pakett annab Sinu seltskonnale terve privaatse Lounge\u2019i ruumi, kus ei puudu mugavused ja meelelahutus:<\/b><\/div>\n<ul dir=\"ltr\">\n<li dir=\"ltr\"><span role=\"presentation\"><b>Piljardilaud<br \/>\n<\/b><\/span><\/li>\n<li dir=\"ltr\"><span role=\"presentation\"><b>Pokkerilaud<br \/>\n<\/b><\/span><\/li>\n<li dir=\"ltr\"><span role=\"presentation\"><b>Noolem\u00e4ngulaud<br \/>\n<\/b><\/span><\/li>\n<li dir=\"ltr\"><span role=\"presentation\"><b>K\u00f6\u00f6ginurk koos k\u00fclmkapiga, et hoida lemmikjoogid jahedas<br \/>\n<\/b><\/span><\/li>\n<li dir=\"ltr\"><span role=\"presentation\"><b>Tualettruum<br \/>\n<\/b><\/span><\/li>\n<\/ul>\n<p dir=\"ltr\"><b>L\u00f5\u00f5gastu m\u00f5nusal diivanil ja naudi oma lemmiksporti v\u00f5i muud meelep\u00e4rast 75-tolliselt telekaekraanilt.<\/b><\/p>\n<p dir=\"ltr\"><b>Kui soovid broneeringut pikendada v\u00f5i sul on erisoove, v\u00f5ta kindlasti meiega \u00fchendust &#8211; \u00a0leiame just sinu \u00fcritusele parima lahenduse!<\/b><\/p>\n<\/div>\n","protected":false},"excerpt":{"rendered":"<p>Alates 199 \u20ac \/ kuni 15 inimest (6h)<\/p>\n","protected":false},"featured_media":623,"template":"","meta":{"om_disable_all_campaigns":false,"_uag_custom_page_level_css":"","_monsterinsights_skip_tracking":false,"_monsterinsights_sitenote_active":false,"_monsterinsights_sitenote_note":"","_monsterinsights_sitenote_category":0,"site-sidebar-layout":"default","site-content-layout":"","ast-site-content-layout":"default","site-content-style":"default","site-sidebar-style":"default","ast-global-header-display":"","ast-banner-title-visibility":"","ast-main-header-display":"","ast-hfb-above-header-display":"","ast-hfb-below-header-display":"","ast-hfb-mobile-header-display":"","site-post-title":"","ast-breadcrumbs-content":"","ast-featured-img":"","footer-sml-layout":"","ast-disable-related-posts":"","theme-transparent-header-meta":"default","adv-header-id-meta":"","stick-header-meta":"","header-above-stick-meta":"","header-main-stick-meta":"","header-below-stick-meta":"","astra-migrate-meta-layouts":"set","ast-page-background-enabled":"default","ast-page-background-meta":{"desktop":{"background-color":"var(--ast-global-color-4)","background-image":"","background-repeat":"repeat","background-position":"center center","background-size":"auto","background-attachment":"scroll","background-type":"","background-media":"","overlay-type":"","overlay-color":"","overlay-opacity":"","overlay-gradient":""},"tablet":{"background-color":"","background-image":"","background-repeat":"repeat","background-position":"center center","background-size":"auto","background-attachment":"scroll","background-type":"","background-media":"","overlay-type":"","overlay-color":"","overlay-opacity":"","overlay-gradient":""},"mobile":{"background-color":"","background-image":"","background-repeat":"repeat","background-position":"center center","background-size":"auto","background-attachment":"scroll","background-type":"","background-media":"","overlay-type":"","overlay-color":"","overlay-opacity":"","overlay-gradient":""}},"ast-content-background-meta":{"desktop":{"background-color":"var(--ast-global-color-5)","background-image":"","background-repeat":"repeat","background-position":"center center","background-size":"auto","background-attachment":"scroll","background-type":"","background-media":"","overlay-type":"","overlay-color":"","overlay-opacity":"","overlay-gradient":""},"tablet":{"background-color":"var(--ast-global-color-5)","background-image":"","background-repeat":"repeat","background-position":"center center","background-size":"auto","background-attachment":"scroll","background-type":"","background-media":"","overlay-type":"","overlay-color":"","overlay-opacity":"","overlay-gradient":""},"mobile":{"background-color":"var(--ast-global-color-5)","background-image":"","background-repeat":"repeat","background-position":"center center","background-size":"auto","background-attachment":"scroll","background-type":"","background-media":"","overlay-type":"","overlay-color":"","overlay-opacity":"","overlay-gradient":""}}},"product_brand":[],"product_cat":[31],"product_tag":[],"class_list":{"0":"post-129","1":"product","2":"type-product","3":"status-publish","4":"has-post-thumbnail","6":"product_cat-hangout-paketid","7":"desktop-align-center","8":"tablet-align-left","9":"mobile-align-left","11":"first","12":"instock","13":"virtual","14":"sold-individually","15":"taxable","16":"purchasable","17":"product-type-phive_booking"},"aioseo_notices":[],"uagb_featured_image_src":{"full":["https:\/\/hangoutlounge.ee\/wp-content\/uploads\/2025\/11\/20251104_Hangout_lounge_14-scaled.jpg",1920,2560,false],"thumbnail":["https:\/\/hangoutlounge.ee\/wp-content\/uploads\/2025\/11\/20251104_Hangout_lounge_14-150x150.jpg",150,150,true],"medium":["https:\/\/hangoutlounge.ee\/wp-content\/uploads\/2025\/11\/20251104_Hangout_lounge_14-225x300.jpg",225,300,true],"medium_large":["https:\/\/hangoutlounge.ee\/wp-content\/uploads\/2025\/11\/20251104_Hangout_lounge_14-768x1024.jpg",768,1024,true],"large":["https:\/\/hangoutlounge.ee\/wp-content\/uploads\/2025\/11\/20251104_Hangout_lounge_14-768x1024.jpg",768,1024,true],"1536x1536":["https:\/\/hangoutlounge.ee\/wp-content\/uploads\/2025\/11\/20251104_Hangout_lounge_14-1152x1536.jpg",1152,1536,true],"2048x2048":["https:\/\/hangoutlounge.ee\/wp-content\/uploads\/2025\/11\/20251104_Hangout_lounge_14-1536x2048.jpg",1536,2048,true],"trp-custom-language-flag":["https:\/\/hangoutlounge.ee\/wp-content\/uploads\/2025\/11\/20251104_Hangout_lounge_14-scaled.jpg",9,12,false],"woocommerce_thumbnail":["https:\/\/hangoutlounge.ee\/wp-content\/uploads\/2025\/11\/20251104_Hangout_lounge_14-300x300.jpg",300,300,true],"woocommerce_single":["https:\/\/hangoutlounge.ee\/wp-content\/uploads\/2025\/11\/20251104_Hangout_lounge_14-600x800.jpg",600,800,true],"woocommerce_gallery_thumbnail":["https:\/\/hangoutlounge.ee\/wp-content\/uploads\/2025\/11\/20251104_Hangout_lounge_14-100x100.jpg",100,100,true]},"uagb_author_info":{"display_name":"admin","author_link":"https:\/\/hangoutlounge.ee\/et\/author\/"},"uagb_comment_info":0,"uagb_excerpt":"Alates 199 \u20ac \/ kuni 15 inimest (6h)","_links":{"self":[{"href":"https:\/\/hangoutlounge.ee\/et\/wp-json\/wp\/v2\/product\/129","targetHints":{"allow":["GET"]}}],"collection":[{"href":"https:\/\/hangoutlounge.ee\/et\/wp-json\/wp\/v2\/product"}],"about":[{"href":"https:\/\/hangoutlounge.ee\/et\/wp-json\/wp\/v2\/types\/product"}],"wp:featuredmedia":[{"embeddable":true,"href":"https:\/\/hangoutlounge.ee\/et\/wp-json\/wp\/v2\/media\/623"}],"wp:attachment":[{"href":"https:\/\/hangoutlounge.ee\/et\/wp-json\/wp\/v2\/media?parent=129"}],"wp:term":[{"taxonomy":"product_brand","embeddable":true,"href":"https:\/\/hangoutlounge.ee\/et\/wp-json\/wp\/v2\/product_brand?post=129"},{"taxonomy":"product_cat","embeddable":true,"href":"https:\/\/hangoutlounge.ee\/et\/wp-json\/wp\/v2\/product_cat?post=129"},{"taxonomy":"product_tag","embeddable":true,"href":"https:\/\/hangoutlounge.ee\/et\/wp-json\/wp\/v2\/product_tag?post=129"}],"curies":[{"name":"wp","href":"https:\/\/api.w.org\/{rel}","templated":true}]}}