{"id":645,"date":"2025-11-07T10:32:08","date_gmt":"2025-11-07T10:32:08","guid":{"rendered":"https:\/\/hangoutlounge.ee\/?page_id=645"},"modified":"2025-11-14T09:31:44","modified_gmt":"2025-11-14T07:31:44","slug":"ruumi-reeglid","status":"publish","type":"page","link":"https:\/\/hangoutlounge.ee\/en\/ruumi-reeglid\/","title":{"rendered":"Rules of the room"},"content":{"rendered":"<h5 class=\"wp-block-heading\">Ruumide kasutus<\/h5>\n\n\n\n<ul class=\"wp-block-list\">\n<li>Ruum on m\u00f5eldud seltskondlikuks ajaveetmiseks.<\/li>\n\n\n\n<li>Ruumis v\u00f5ib kasutada k\u00f5iki olemasolevaid seadmeid ja m\u00e4nge (teler, piljard, nooled,<br>pokkerilaud, m\u00e4nguautomaat jms) vastutustundlikult ja heaperemehelikult.<\/li>\n\n\n\n<li>Lemmikloomad on keelatud.<\/li>\n<\/ul>\n\n\n\n<h5 class=\"wp-block-heading\">M\u00e4ngud ja tegevused<\/h5>\n\n\n\n<ul class=\"wp-block-list\">\n<li>P\u00e4risrahaga m\u00e4ngimine on keelatud.<\/li>\n\n\n\n<li>M\u00e4nguautomaat t\u00f6\u00f6tab&nbsp;ilma auhindadeta&nbsp;ja on m\u00f5eldud meelelahutuseks.<\/li>\n<\/ul>\n\n\n\n<h5 class=\"wp-block-heading\">K\u00e4itumine ruumis<\/h5>\n\n\n\n<ul class=\"wp-block-list\">\n<li>Palume olla viisakad ja arvestavad nii naabritega kui ka ruumides oleva varaga.<\/li>\n\n\n\n<li>Suitsetamine ruumides on keelatud.<\/li>\n<\/ul>\n\n\n\n<h5 class=\"wp-block-heading\">Alkoholi ja toidu tarbimine<\/h5>\n\n\n\n<ul class=\"wp-block-list\">\n<li>Alkoholi v\u00f5ivad tarbida ainult t\u00e4isealised isikud vastutustundlikult, alla 18 aastastele<br>alkoholi tarbimine keelatud.<\/li>\n\n\n\n<li>Joogid tuleb hoida ainult laudadel (k.a. aknalauad). Piljardi- ja pokkerilaual jookide<br>hoidmine on keelatud, kuna see v\u00f5ib kahjustada laua katet.<\/li>\n\n\n\n<li>Oma toit on lubatud, kuid palume j\u00e4tta ruum p\u00e4rast kasutamist puhtaks ja panna<br>pakendid pr\u00fcgikasti.<\/li>\n<\/ul>\n\n\n\n<h5 class=\"wp-block-heading\">Ruumide korrashoid<\/h5>\n\n\n\n<ul class=\"wp-block-list\">\n<li>P\u00e4rast kasutamist palume ruum j\u00e4tta puhtaks ja korrastatuks.<\/li>\n\n\n\n<li>K\u00f5ik tekkinud pr\u00fcgi tuleb viia selleks etten\u00e4htud kohta.<\/li>\n<\/ul>\n\n\n\n<h5 class=\"wp-block-heading\">Korrashoid ja vastutus<\/h5>\n\n\n\n<ul class=\"wp-block-list\">\n<li>Ruumide kasutamine toimub&nbsp;omal vastutusel.<\/li>\n\n\n\n<li>Kahjustustest v\u00f5i rikkumistest tuleb&nbsp;teavitada koheselt.<\/li>\n\n\n\n<li>Rendileandja ei vastuta isiklike esemete kadumise ega vigastuste eest.<\/li>\n\n\n\n<li>Ruumis on paigaldatud videokaamerad turvalisuse tagamiseks. Salvestisi<br>kasutatakse ainult juhtudel, kui see on vajalik vara kaitsmiseks v\u00f5i juhtumite<br>lahendamiseks.<\/li>\n<\/ul>\n\n\n\n<p class=\"has-ast-global-color-2-color has-text-color has-link-color wp-elements-b8f1c8de38213391e63cf1033e066e88\"><strong>K\u00fcsimuste korral v\u00f5ta \u00fchendust.<\/strong><\/p>\n\n\n\n<p class=\"has-ast-global-color-2-color has-text-color has-link-color wp-elements-bc7458965e4be4a16d177eaa1bc77346\">Palume lahkuda \u00f5igeaegselt, et tagada j\u00e4rgmise broneeringu sujuv algus.<\/p>\n\n\n\n<p class=\"has-ast-global-color-2-color has-text-color has-link-color wp-elements-47296129088ddb84c2a1f1d947195357\">Soovime Teile head ajaveetmist!<\/p>\n\n\n\n<p><\/p>","protected":false},"excerpt":{"rendered":"<p>Ruumide kasutus M\u00e4ngud ja tegevused K\u00e4itumine ruumis Alkoholi ja toidu tarbimine Ruumide korrashoid Korrashoid ja vastutus K\u00fcsimuste korral v\u00f5ta \u00fchendust. [&hellip;]<\/p>\n","protected":false},"author":1,"featured_media":0,"parent":0,"menu_order":0,"comment_status":"closed","ping_status":"closed","template":"","meta":{"om_disable_all_campaigns":false,"_uag_custom_page_level_css":"","_monsterinsights_skip_tracking":false,"_monsterinsights_sitenote_active":false,"_monsterinsights_sitenote_note":"","_monsterinsights_sitenote_category":0,"site-sidebar-layout":"default","site-content-layout":"","ast-site-content-layout":"default","site-content-style":"default","site-sidebar-style":"default","ast-global-header-display":"","ast-banner-title-visibility":"","ast-main-header-display":"","ast-hfb-above-header-display":"","ast-hfb-below-header-display":"","ast-hfb-mobile-header-display":"","site-post-title":"","ast-breadcrumbs-content":"","ast-featured-img":"","footer-sml-layout":"","ast-disable-related-posts":"","theme-transparent-header-meta":"","adv-header-id-meta":"","stick-header-meta":"","header-above-stick-meta":"","header-main-stick-meta":"","header-below-stick-meta":"","astra-migrate-meta-layouts":"default","ast-page-background-enabled":"default","ast-page-background-meta":{"desktop":{"background-color":"var(--ast-global-color-4)","background-image":"","background-repeat":"repeat","background-position":"center center","background-size":"auto","background-attachment":"scroll","background-type":"","background-media":"","overlay-type":"","overlay-color":"","overlay-opacity":"","overlay-gradient":""},"tablet":{"background-color":"","background-image":"","background-repeat":"repeat","background-position":"center center","background-size":"auto","background-attachment":"scroll","background-type":"","background-media":"","overlay-type":"","overlay-color":"","overlay-opacity":"","overlay-gradient":""},"mobile":{"background-color":"","background-image":"","background-repeat":"repeat","background-position":"center center","background-size":"auto","background-attachment":"scroll","background-type":"","background-media":"","overlay-type":"","overlay-color":"","overlay-opacity":"","overlay-gradient":""}},"ast-content-background-meta":{"desktop":{"background-color":"var(--ast-global-color-5)","background-image":"","background-repeat":"repeat","background-position":"center center","background-size":"auto","background-attachment":"scroll","background-type":"","background-media":"","overlay-type":"","overlay-color":"","overlay-opacity":"","overlay-gradient":""},"tablet":{"background-color":"var(--ast-global-color-5)","background-image":"","background-repeat":"repeat","background-position":"center center","background-size":"auto","background-attachment":"scroll","background-type":"","background-media":"","overlay-type":"","overlay-color":"","overlay-opacity":"","overlay-gradient":""},"mobile":{"background-color":"var(--ast-global-color-5)","background-image":"","background-repeat":"repeat","background-position":"center center","background-size":"auto","background-attachment":"scroll","background-type":"","background-media":"","overlay-type":"","overlay-color":"","overlay-opacity":"","overlay-gradient":""}},"footnotes":""},"class_list":["post-645","page","type-page","status-publish","hentry"],"aioseo_notices":[],"uagb_featured_image_src":{"full":false,"thumbnail":false,"medium":false,"medium_large":false,"large":false,"1536x1536":false,"2048x2048":false,"trp-custom-language-flag":false,"woocommerce_thumbnail":false,"woocommerce_single":false,"woocommerce_gallery_thumbnail":false},"uagb_author_info":{"display_name":"admin","author_link":"https:\/\/hangoutlounge.ee\/en\/author\/admin\/"},"uagb_comment_info":0,"uagb_excerpt":"Ruumide kasutus M\u00e4ngud ja tegevused K\u00e4itumine ruumis Alkoholi ja toidu tarbimine Ruumide korrashoid Korrashoid ja vastutus K\u00fcsimuste korral v\u00f5ta \u00fchendust. [&hellip;]","_links":{"self":[{"href":"https:\/\/hangoutlounge.ee\/en\/wp-json\/wp\/v2\/pages\/645","targetHints":{"allow":["GET"]}}],"collection":[{"href":"https:\/\/hangoutlounge.ee\/en\/wp-json\/wp\/v2\/pages"}],"about":[{"href":"https:\/\/hangoutlounge.ee\/en\/wp-json\/wp\/v2\/types\/page"}],"author":[{"embeddable":true,"href":"https:\/\/hangoutlounge.ee\/en\/wp-json\/wp\/v2\/users\/1"}],"replies":[{"embeddable":true,"href":"https:\/\/hangoutlounge.ee\/en\/wp-json\/wp\/v2\/comments?post=645"}],"version-history":[{"count":4,"href":"https:\/\/hangoutlounge.ee\/en\/wp-json\/wp\/v2\/pages\/645\/revisions"}],"predecessor-version":[{"id":836,"href":"https:\/\/hangoutlounge.ee\/en\/wp-json\/wp\/v2\/pages\/645\/revisions\/836"}],"wp:attachment":[{"href":"https:\/\/hangoutlounge.ee\/en\/wp-json\/wp\/v2\/media?parent=645"}],"curies":[{"name":"wp","href":"https:\/\/api.w.org\/{rel}","templated":true}]}}